{"id":2,"date":"2013-11-13T10:28:30","date_gmt":"2013-11-13T09:28:30","guid":{"rendered":"http:\/\/vedereoltre.org\/?page_id=2"},"modified":"2026-03-12T10:24:11","modified_gmt":"2026-03-12T09:24:11","slug":"chi-siamo","status":"publish","type":"page","link":"http:\/\/vedereoltre.org\/?page_id=2","title":{"rendered":"Chi siamo"},"content":{"rendered":"<p><span style=\"color: #000080;\">L\u2019Associazione di Promozione Sociale Vedere Oltre \u00e8 stata costituita nel settembre 2013 da dodici sognatori con tanti progetti e qualche utopia.<\/span><\/p>\n<p><span style=\"color: #000080;\">Di certo qualche anno fa molti di noi non immaginavano di intraprendere quest\u2019impresa, di convertire affetto, amicizia e professionalit\u00e0 in un\u2019associazione. Ci siamo arrivati insieme, gradualmente, interrogandoci sul mondo della disabilit\u00e0, incontrando casualmente o per professione storie diverse, vivendo direttamente, come noi genitori, la vita in compagnia della disabilit\u00e0, in un confronto quotidiano tra realt\u00e0 e utopia.<\/span><\/p>\n<div id=\"attachment_50\" style=\"width: 154px\" class=\"wp-caption alignleft\"><img aria-describedby=\"caption-attachment-50\" loading=\"lazy\" class=\"size-medium wp-image-50 \" src=\"http:\/\/vedereoltre.org\/wp-content\/uploads\/2013\/11\/brochure-144x300.jpg\" alt=\"Scarica la brochure\" width=\"144\" height=\"300\" srcset=\"http:\/\/vedereoltre.org\/wp-content\/uploads\/2013\/11\/brochure-144x300.jpg 144w, http:\/\/vedereoltre.org\/wp-content\/uploads\/2013\/11\/brochure.jpg 150w\" sizes=\"(max-width: 144px) 100vw, 144px\" \/><p id=\"caption-attachment-50\" class=\"wp-caption-text\"><span style=\"color: #000080;\"><a href=\"http:\/\/vedereoltre.org\/wp-content\/uploads\/2014\/01\/Brochure.pdf\">Scarica la brochure<\/a> <\/span><\/p><\/div>\n<p><span style=\"color: #000080;\"><br \/>\n<\/span><span style=\"color: #000080;\">La realt\u00e0 di una cultura ancora intrisa di distinguo, di pregiudizi appena mascherati, di schemi e di caselle in cui delimitare chi si allontana dal trend comune, ma anche piena di vittimismo, di lagnanze, di assistenzialismo, di passive attese.<\/span><\/p>\n<p><span style=\"color: #000080;\">E l\u2019utopia\u00a0 di immaginare la vita, con il suo gusto, le sue gioie, le sue fatiche, i suoi distacchi, i suoi impegni, anche nella disabilit\u00e0, anche con la disabilit\u00e0. L\u2019utopia di poter accompagnare le persone con disabilit\u00e0 verso l\u2019autonomia, di intercettare il loro gusto per la vita, la loro gioia di essere, il loro potenziale personale, senza l\u2019obbligo di normalizzare tutto, ma cogliendone alcune fantasiose intuizioni, incanalandone i talenti, condividendone le passioni.<\/span><\/p>\n<p><span style=\"color: #000080;\">Non pensiamo di andare incontro alla nostra utopia da soli, ma collaborando con gli altri, cogliendo le buone prassi di chi ha sperimentato dei percorsi validi, di chi intuisce con fantasia la fattibilit\u00e0 di alcune proposte, di chi osa cogliere la persona pi\u00f9 che la disabilit\u00e0, di chi investe risorse e professionalit\u00e0 per accogliere l\u2019originalit\u00e0 di ogni situazione, di chi converte la riabilitazione in azioni quotidiane, di chi non ha paura di immaginare una vita fuori dalle righe.<\/span><\/p>\n<p><span style=\"color: #000080;\">Ci sono tante esperienze positive che lavorano in silenzio, tante buone idee in giro con cui operare in rete. Noi vogliamo guardare avanti, esplorando concrete fattibilit\u00e0, imparando a costruire la nostra utopia con umilt\u00e0 e rigore, non fermandoci a soddisfare un bisogno personale, ma allargando il nostro sguardo al territorio e alle istituzioni perch\u00e9 avvertano che \u00e8 necessario andare oltre l\u2019assistenza per dare dignit\u00e0 all\u2019esistenza, ad una vita in cui la disabilit\u00e0 sia solo un tassello del tutto.<\/span><\/p>\n<p><span style=\"color: #000080;\">Per questo ci impegnamo, prima di tutto, a promuovere la cultura della solidariet\u00e0, dell\u2019accoglienza, dell\u2019inclusione e dello scambio tra persone,\u00a0 realizzando una serie di workshop in cui ci si confronti con il quotidiano per far emergere strade percorribili gi\u00e0 ora. \u00a0Vogliamo attuare percorsi che aiutino i bambini, gli adolescenti, i giovani e gli adulti svantaggiati dalle disabilit\u00e0 a diventare protagonisti del proprio futuro, sostenendo le famiglie nel cammino verso l\u2019autonomia dei propri figli e sviluppare iniziative di formazione per operatori motivati in collaborazione con Enti e Universit\u00e0. Vogliamo rendere concrete queste azioni attraverso una progressivit\u00e0 che,\u00a0 partendo da \u00a0spazi ludici e di amicizia per il tempo libero dei giovani con disabilit\u00e0, crei opportunit\u00e0 di vacanze e fine settimana fuori della famiglia tali da far nascere in loro la voglia e il bisogno di uscire di casa per dare aria a quella parte di s\u00e9 che preme oltre la disabilit\u00e0.<\/span><\/p>\n<p><span style=\"color: #000080;\">e poi una residenzialit\u00e0, una casa famiglia in cui andare a vivere in un futuro non troppo lontano, dove trovare i propri spazi, coltivare la proprie passioni, imparare la condivisione, vivere da adulti.<\/span><\/p>\n<p><span style=\"color: #000080;\">\u00a0<\/span><\/p>\n<p><span style=\"color: #000080;\">Pur coscienti delle difficolt\u00e0 intrinseche al periodo che stiamo vivendo, dei tempi lunghi, delle resistenze psicologiche verso il distacco, della criticit\u00e0 di reperire operatori professionalmente preparati e umanamente motivati, dell\u2019impegno economico che ci\u00f2 comporta,\u00a0 osiamo vedere oltre, ripetendo a noi stessi per primi e a chi vuole condividere con noi quest\u2019impresa, l\u2019invito di Don Tonino Bello \u201cNon fate riduzioni sui sogni, non praticate sconti sull\u2019utopia\u201d.<\/span><\/p>\n<p><span style=\"color: #000080;\">\u00a0<\/span><\/p>\n<p><a href=\"http:\/\/vedereoltre.org\/wp-content\/uploads\/2024\/01\/Statuto-APS-definitivo-1.pdf\"><strong><span style=\"color: #0000ff;\">Scarica lo Statuto della APS<\/span><\/strong><\/a><\/p>\n<p><span style=\"color: #0000ff;\"><strong><a style=\"color: #0000ff;\" href=\"http:\/\/vedereoltre.org\/wp-content\/uploads\/2022\/10\/COME-DIVENTARE-SOCIO-ORDINARIO-O-ADERENTE-SOVVENTORE-APS.pdf\">Come diventare SOCIO ORDINARIO o ADERENTE SOVVENTORE<\/a><\/strong><\/span><\/p>\n<p><span style=\"color: #0000ff;\"><strong><a style=\"color: #0000ff;\" href=\"http:\/\/vedereoltre.org\/wp-content\/uploads\/2022\/10\/Domanda-di-ammissione-a-socio-ordinario-APS.pdf\">Scarica la domanda di AMMISSIONE A SOCIO ORDINARIO<\/a><\/strong><\/span><\/p>\n<p>&nbsp;<\/p>\n","protected":false},"excerpt":{"rendered":"<p>L\u2019Associazione di Promozione Sociale Vedere Oltre \u00e8 stata costituita nel settembre 2013 da dodici sognatori con tanti progetti e qualche utopia. Di certo qualche anno fa molti di noi non immaginavano di intraprendere quest\u2019impresa, di convertire affetto, amicizia e professionalit\u00e0 in un\u2019associazione. Ci siamo arrivati insieme, gradualmente, interrogandoci sul mondo della disabilit\u00e0, incontrando casualmente o [&hellip;]<\/p>\n","protected":false},"author":1,"featured_media":0,"parent":0,"menu_order":0,"comment_status":"closed","ping_status":"closed","template":"","meta":[],"_links":{"self":[{"href":"http:\/\/vedereoltre.org\/index.php?rest_route=\/wp\/v2\/pages\/2"}],"collection":[{"href":"http:\/\/vedereoltre.org\/index.php?rest_route=\/wp\/v2\/pages"}],"about":[{"href":"http:\/\/vedereoltre.org\/index.php?rest_route=\/wp\/v2\/types\/page"}],"author":[{"embeddable":true,"href":"http:\/\/vedereoltre.org\/index.php?rest_route=\/wp\/v2\/users\/1"}],"replies":[{"embeddable":true,"href":"http:\/\/vedereoltre.org\/index.php?rest_route=%2Fwp%2Fv2%2Fcomments&post=2"}],"version-history":[{"count":28,"href":"http:\/\/vedereoltre.org\/index.php?rest_route=\/wp\/v2\/pages\/2\/revisions"}],"predecessor-version":[{"id":2742,"href":"http:\/\/vedereoltre.org\/index.php?rest_route=\/wp\/v2\/pages\/2\/revisions\/2742"}],"wp:attachment":[{"href":"http:\/\/vedereoltre.org\/index.php?rest_route=%2Fwp%2Fv2%2Fmedia&parent=2"}],"curies":[{"name":"wp","href":"https:\/\/api.w.org\/{rel}","templated":true}]}}